{"id":62,"date":"2014-07-16T10:12:06","date_gmt":"2014-07-16T08:12:06","guid":{"rendered":"https:\/\/proto.webgem.be\/\/?page_id=62"},"modified":"2016-03-09T17:12:40","modified_gmt":"2016-03-09T16:12:40","slug":"comment-ca-marche","status":"publish","type":"page","link":"https:\/\/proto.webgem.be\/fr\/comment-ca-marche\/","title":{"rendered":"Comment \u00e7a marche?"},"content":{"rendered":"<p>&nbsp;<\/p>\n<h3 style=\"text-align: justify;\"><span style=\"color: #003366;\"><strong>Marche \u00e0 suivre pour la r\u00e9servation d\u2019un appartement:<\/strong><\/span><\/h3>\n<p style=\"text-align: justify;\">-&gt; V\u00e9rifiez les disponibilit\u00e9s des appartements sur la page d&rsquo;accueil<br \/>\n-&gt; S\u00e9lectionnez l\u2019appartement de votre choix<br \/>\n-&gt; Remplissez le formulaire \u00ab\u00a0r\u00e9servez cet appartement\u00a0\u00bb<\/p>\n<p style=\"text-align: justify;\">Apr\u00e8s la validation de votre r\u00e9servation, vous recevrez un mail avec les d\u00e9tails pour la confirmation de votre r\u00e9servation.<\/p>\n<h3 style=\"text-align: justify;\"><strong><span style=\"color: #003366;\">Confirmation de r\u00e9servation<\/span><\/strong><\/h3>\n<p style=\"text-align: justify;\">Afin de confirmer la r\u00e9servation, il est demand\u00e9 de verser un acompte correspondant \u00e0 un mois de loyer + charges (ou 2 mois en fonction du type d\u2019appartement) afin de confirmer celle-ci. L&rsquo;acompte sera du dans les 5 jours apr\u00e8s la r\u00e9servation.<br \/>\nLes paiements seront pay\u00e9s par virement bancaire:<\/p>\n<h3 style=\"text-align: justify;\"><span style=\"color: #003366;\"><strong>D\u00e9p\u00f4t de garantie<\/strong><\/span><\/h3>\n<p style=\"text-align: justify;\">Une caution vous sera demand\u00e9e. Elle permet de pr\u00e9venir l\u2019appartement contre tous les dommages et les vols \u00e9ventuels. La caution est de un mois de loyer + charges.<br \/>\nLa garantie devra \u00eatre vers\u00e9e au moins une semaine avant le d\u00e9but du s\u00e9jour.<\/p>\n<h3 style=\"text-align: justify;\"><span style=\"color: #003366;\"><strong>Paiement des loyers<\/strong><\/span><\/h3>\n<p style=\"text-align: justify;\">Ceux-ci devront \u00eatre pay\u00e9s selon le planning de paiement re\u00e7u.<\/p>\n<h3 style=\"text-align: justify;\"><span style=\"color: #003366;\"><strong>Conditions d\u2019annulations<\/strong><\/span><\/h3>\n<p style=\"text-align: justify;\">Si votre annulation intervient 30 jours avant votre date d\u2019arriv\u00e9e, les sommes vers\u00e9es vous seront int\u00e9gralement restitu\u00e9es. Si l&rsquo;annulation intervient moins de 30 jours avant l&rsquo;arriv\u00e9e, aucune somme ne sera rendue. Nous devrons obligatoirement \u00eatre inform\u00e9s de votre annulation de s\u00e9jour par email.<br \/>\nLes annulations par t\u00e9l\u00e9phone ne seront pas prises en compte.<\/p>\n<h3 style=\"text-align: justify;\"><span style=\"color: #003366;\"><strong>Check-IN \/ Check OUT<\/strong><\/span><\/h3>\n<p style=\"text-align: justify;\"><strong>Arriv\u00e9e:<\/strong> L\u2019appartement est accessible \u00e0 partir de 15h.<br \/>\nTous nos studios et appartements sont \u00e9quip\u00e9s de serrures \u00e0 codes. Vos propres codes vous seront remis apr\u00e8s la confirmation de votre r\u00e9servation.<br \/>\n<strong>D\u00e9part:<\/strong> Le studio devra \u00eatre imp\u00e9rativement lib\u00e9r\u00e9 \u00e0 11h.<br \/>\nCelui-ci devra est restitu\u00e9 dans l\u2019\u00e9tat de propret\u00e9 dans lequel il a \u00e9t\u00e9 confi\u00e9 au locataire au d\u00e9but de son s\u00e9jour.<\/p>\n<h3 style=\"text-align: justify;\"><span style=\"color: #003366;\"><strong>Utilisation des lieux<\/strong><\/span><\/h3>\n<p style=\"text-align: justify;\">Une fois le contrat de location sign\u00e9 par les deux parties, le locataire s\u2019engage \u00e0 respecter les r\u00e8gles suivantes\u00a0:<\/p>\n<p style=\"text-align: justify; padding-left: 30px;\">\u2022 L\u2019appartement ne sera occup\u00e9 que pour des fins priv\u00e9es durant son s\u00e9jour touristique ou professionnel. En aucun cas il ne pourra \u00eatre utilis\u00e9 pour une activit\u00e9 commerciale, artisanale ou professionnelle.<br \/>\n\u2022 L\u2019appartement devra \u00eatre occup\u00e9 par le signataire du contrat et ses accompagnants dans la limite du nombre de personnes que peut accueillir le lieu.<br \/>\n\u2022 Le locataire et ses accompagnants s\u2019engagent \u00e0 ne commettre aucun acte pouvant nuire \u00e0 la tranquillit\u00e9 des autres habitants de l\u2019immeuble. Les r\u00e8gles de co-propri\u00e9t\u00e9s sont applicables au locataire.<br \/>\n\u2022 Dans le cas d\u2019une plainte pour nuisance du voisinage, seule la responsabilit\u00e9 du locataire est engag\u00e9e. En cas de nuisance constat\u00e9e, il pourra \u00eatre proc\u00e9d\u00e9 \u00e0 une retenue de 300 \u20ac sur la caution pour le d\u00e9dommagement des personnes ayant subies ces nuisances, et le d\u00e9part du locataire pourra \u00eatre demand\u00e9 sans que ce dernier puisse demander le remboursement du solde du s\u00e9jour.<br \/>\n\u2022 Toutes les d\u00e9gradations intentionnelles ou non caus\u00e9es par le locataire durant son s\u00e9jour lui seront factur\u00e9es.<br \/>\n\u2022 Rentaflat-brussels.be ne pourra \u00eatre tenu responsable des coupures d\u2019eau, gaz ou \u00e9lectricit\u00e9, des vols ou dommage d\u2019effets personnels et des nuisances dues au voisinage.<br \/>\n\u2022 Le locataire a pour obligation de rendre l\u2019appartement dans l\u2019\u00e9tat o\u00f9 il l\u2019a trouv\u00e9. Dans le cas contraire, il autorise\u00a0Rentaflat-brussels.be \u00e0 engager \u00e0 ses frais les d\u00e9penses n\u00e9cessaires pour la lib\u00e9ration ou la remise en l\u2019\u00e9tat des locaux.<\/p>\n","protected":false},"excerpt":{"rendered":"<p>&nbsp; Marche \u00e0 suivre pour la r\u00e9servation d\u2019un appartement: -&gt; V\u00e9rifiez les disponibilit\u00e9s des appartements sur la page d&rsquo;accueil -&gt; S\u00e9lectionnez l\u2019appartement de votre choix -&gt; Remplissez le formulaire \u00ab\u00a0r\u00e9servez cet appartement\u00a0\u00bb Apr\u00e8s la validation de votre r\u00e9servation, vous recevrez un mail avec les d\u00e9tails pour la confirmation de votre r\u00e9servation. Confirmation de r\u00e9servation Afin [&hellip;]<\/p>\n","protected":false},"author":3,"featured_media":0,"parent":0,"menu_order":3,"comment_status":"open","ping_status":"closed","template":"","meta":{"_acf_changed":false,"footnotes":""},"class_list":["post-62","page","type-page","status-publish","hentry"],"acf":[],"_links":{"self":[{"href":"https:\/\/proto.webgem.be\/fr\/wp-json\/wp\/v2\/pages\/62","targetHints":{"allow":["GET"]}}],"collection":[{"href":"https:\/\/proto.webgem.be\/fr\/wp-json\/wp\/v2\/pages"}],"about":[{"href":"https:\/\/proto.webgem.be\/fr\/wp-json\/wp\/v2\/types\/page"}],"author":[{"embeddable":true,"href":"https:\/\/proto.webgem.be\/fr\/wp-json\/wp\/v2\/users\/3"}],"replies":[{"embeddable":true,"href":"https:\/\/proto.webgem.be\/fr\/wp-json\/wp\/v2\/comments?post=62"}],"version-history":[{"count":5,"href":"https:\/\/proto.webgem.be\/fr\/wp-json\/wp\/v2\/pages\/62\/revisions"}],"predecessor-version":[{"id":5295,"href":"https:\/\/proto.webgem.be\/fr\/wp-json\/wp\/v2\/pages\/62\/revisions\/5295"}],"wp:attachment":[{"href":"https:\/\/proto.webgem.be\/fr\/wp-json\/wp\/v2\/media?parent=62"}],"curies":[{"name":"wp","href":"https:\/\/api.w.org\/{rel}","templated":true}]}}